{"id":58,"date":"2017-03-03T08:08:47","date_gmt":"2017-03-03T08:08:47","guid":{"rendered":"http:\/\/sw-themes.com\/porto_dummy\/?page_id=58"},"modified":"2024-05-15T12:27:39","modified_gmt":"2024-05-15T10:27:39","slug":"home","status":"publish","type":"page","link":"https:\/\/alfas-ks.com\/","title":{"rendered":"Ballina"},"content":{"rendered":"<p>[vc_row content_placement=&#8221;middle&#8221; wrap_container=&#8221;yes&#8221; css=&#8221;.vc_custom_1545723802342{padding-top: 20px !important;padding-bottom: 20px !important;background-color: #25272c !important;}&#8221; el_class=&#8221;home-intro&#8221;][vc_column offset=&#8221;vc_col-lg-8 vc_col-md-8&#8243;][vc_column_text css=&#8221;.vc_custom_1489217666219{margin-bottom: 0px !important;}&#8221;]<\/p>\n<p class=\"text-color-light\">The fastest way to grow your business with the leader in investments. <span class=\"text-color-primary\">Learn more about our strategy<\/span><\/p>\n<p>[\/vc_column_text][\/vc_column][\/vc_row][vc_row equal_height=&#8221;yes&#8221; content_placement=&#8221;middle&#8221; parallax=&#8221;content-moving&#8221; parallax_speed_bg=&#8221;&#8221; el_class=&#8221;p-0&#8243;][vc_column parallax=&#8221;content-moving&#8221; parallax_image=&#8221;638&#8243; parallax_speed_bg=&#8221;2&#8243; offset=&#8221;vc_col-lg-6 vc_col-md-6&#8243; el_class=&#8221;custom-parallax-height&#8221;][\/vc_column][vc_column css=&#8221;.vc_custom_1558985143994{padding-top: 50px !important;padding-bottom: 40px !important;background-color: #f4f4f4 !important;}&#8221; offset=&#8221;vc_col-lg-6 vc_col-md-6&#8243;]<div class=\"porto-container container  col-half-section col-half-section-left\">[vc_custom_heading text=&#8221;Mbajtja e Librave&#8221; font_container=&#8221;tag:h2|text_align:left|color:%231d2127&#8243; use_theme_fonts=&#8221;yes&#8221; text_transform=&#8221;text-uppercase&#8221; css=&#8221;.vc_custom_1617730488123{margin-bottom: 0px !important;}&#8221; link=&#8221;url:https%3A%2F%2Falfas-ks.com%2Findex.php%2Fmbajtja-e-librave%2F|title:Mbajtja%20e%20librave&#8221;][vc_column_text el_class=&#8221;text-color-dark m-b-md&#8221;][\/vc_column_text][vc_column_text css=&#8221;.vc_custom_1617730266955{margin-bottom: 40px !important;}&#8221;]T\u00eb gjitha veprimtarit\u00eb ekonomike jan\u00eb t\u00eb obliguara t\u00eb mbajn\u00eb librat dhe regjistrimet konform legjislacionit tatimor.[\/vc_column_text][vc_btn title=&#8221;M\u00cb SHUM\u00cb&#8221; style=&#8221;outline&#8221; shape=&#8221;square&#8221; color=&#8221;white&#8221; size=&#8221;lg&#8221; align=&#8221;left&#8221; skin=&#8221;primary&#8221; link=&#8221;url:https%3A%2F%2Falfas-ks.com%2Findex.php%2Fmbajtja-e-librave%2F|title:Mbajtja%20e%20librave&#8221; el_class=&#8221;custom-btn-style-2 text-color-dark font-weight-semibold&#8221; css=&#8221;.vc_custom_1617730247127{margin-bottom: 10px !important;}&#8221;]<\/div>[\/vc_column][\/vc_row][vc_row equal_height=&#8221;yes&#8221; content_placement=&#8221;middle&#8221; parallax=&#8221;content-moving&#8221; parallax_speed_bg=&#8221;&#8221; el_class=&#8221;custom-sm-flex-order p-0&#8243;][vc_column offset=&#8221;vc_col-lg-6 vc_col-md-6&#8243; css=&#8221;.vc_custom_1558985154066{padding-top: 50px !important;padding-bottom: 40px !important;background-color: #f4f4f4 !important;}&#8221;]<div class=\"porto-container container  col-half-section col-half-section-right\">[vc_custom_heading text=&#8221;P\u00ebrgaditja e Pasqyrave Financiare&#8221; font_container=&#8221;tag:h2|text_align:right|color:%231d2127&#8243; use_theme_fonts=&#8221;yes&#8221; text_transform=&#8221;text-uppercase&#8221; css=&#8221;.vc_custom_1617788154055{margin-bottom: 0px !important;}&#8221; link=&#8221;url:https%3A%2F%2Falfas-ks.com%2Findex.php%2Fnenshkrimi-i-pasqyrave-financiare%2F|title:Pergaditja%20e%20pasqyrave%20financiare&#8221;][vc_column_text el_class=&#8221;text-color-dark m-b-md align-right&#8221;][\/vc_column_text][vc_column_text css=&#8221;.vc_custom_1617730418987{margin-bottom: 40px !important;}&#8221; el_class=&#8221;align-right&#8221;]T\u00eb gjitha veprimtarit\u00eb ekonomike jan\u00eb t\u00eb obliguara t\u00eb mbajn\u00eb librat dhe regjistrimet konform legjislacionit tatimor.[\/vc_column_text][vc_btn title=&#8221;M\u00cb SHUM\u00cb&#8221; style=&#8221;outline&#8221; shape=&#8221;square&#8221; color=&#8221;white&#8221; size=&#8221;lg&#8221; align=&#8221;right&#8221; skin=&#8221;primary&#8221; link=&#8221;url:https%3A%2F%2Falfas-ks.com%2Findex.php%2Fmbajtja-e-librave%2F|title:st&#8221; el_class=&#8221;custom-btn-style-2 text-color-dark font-weight-semibold&#8221; css=&#8221;.vc_custom_1617730464943{margin-bottom: 10px !important;}&#8221;]<\/div>[\/vc_column][vc_column parallax=&#8221;content-moving&#8221; parallax_image=&#8221;637&#8243; parallax_speed_bg=&#8221;2&#8243; css=&#8221;.vc_custom_1604113049191{padding-top: 15px !important;padding-bottom: 50px !important;}&#8221; offset=&#8221;vc_col-lg-6 vc_col-md-6&#8243; el_class=&#8221;custom-parallax-height&#8221;][\/vc_column][\/vc_row][vc_row equal_height=&#8221;yes&#8221; content_placement=&#8221;middle&#8221; parallax=&#8221;content-moving&#8221; parallax_speed_bg=&#8221;&#8221; el_class=&#8221;p-0&#8243;][vc_column parallax=&#8221;content-moving&#8221; parallax_image=&#8221;636&#8243; parallax_speed_bg=&#8221;2&#8243; offset=&#8221;vc_col-lg-6 vc_col-md-6&#8243; el_class=&#8221;custom-parallax-height&#8221;][\/vc_column][vc_column css=&#8221;.vc_custom_1558985164993{padding-top: 50px !important;padding-bottom: 40px !important;background-color: #f4f4f4 !important;}&#8221; offset=&#8221;vc_col-lg-6 vc_col-md-6&#8243;]<div class=\"porto-container container  col-half-section col-half-section-left\">[vc_custom_heading text=&#8221;N\u00ebnshkrimi i pasqyrave financiare&#8221; font_container=&#8221;tag:h2|text_align:left|color:%231d2127&#8243; use_theme_fonts=&#8221;yes&#8221; text_transform=&#8221;text-uppercase&#8221; css=&#8221;.vc_custom_1617730527190{margin-bottom: 0px !important;}&#8221; link=&#8221;url:https%3A%2F%2Falfas-ks.com%2Findex.php%2Fnenshkrimi-i-pasqyrave-financiare%2F|title:N%C3%ABnshkrimi%20i%20pasqyrave%20financiare&#8221;][vc_column_text el_class=&#8221;text-color-dark m-b-md&#8221;][\/vc_column_text][vc_column_text css=&#8221;.vc_custom_1617730553775{margin-bottom: 40px !important;}&#8221;]SI KLASIFIKOHEN ND\u00cbRMARRJET SIPAS LIGJIT T\u00cb RI P\u00cbR KONTABILITET, RAPORTIM FINANCIAR DHE AUDITIM?[\/vc_column_text][vc_btn title=&#8221;M\u00cb SHUM\u00cb&#8221; style=&#8221;outline&#8221; shape=&#8221;square&#8221; color=&#8221;white&#8221; size=&#8221;lg&#8221; align=&#8221;left&#8221; skin=&#8221;primary&#8221; link=&#8221;url:https%3A%2F%2Falfas-ks.com%2Findex.php%2Fnenshkrimi-i-pasqyrave-financiare%2F|title:N%C3%ABnshkrimi%20i%20pasqyrave%20financiare&#8221; el_class=&#8221;custom-btn-style-2 text-color-dark font-weight-semibold&#8221; css=&#8221;.vc_custom_1617730570597{margin-bottom: 10px !important;}&#8221;]<\/div>[\/vc_column][\/vc_row][vc_row wrap_container=&#8221;yes&#8221; el_class=&#8221;background-color-primary text-color-light font-weight-normal custom-sm-margin-bottom-1&#8243; css=&#8221;.vc_custom_1528971671169{padding-top: 60px !important;padding-bottom: 60px !important;}&#8221;][vc_column width=&#8221;1\/3&#8243; offset=&#8221;vc_col-md-offset-2 vc_col-md-2&#8243;]<div class=\"stats-block stats-top  text-color-light font-weight-normal mb-5 mb-md-0  vc_custom_1590472295240\"><div class=\"stats-desc\"><div id=\"counter_200149618269e0c6c8ef902\" data-id=\"counter_200149618269e0c6c8ef902\" class=\"stats-number\" style=\" font-size:50px;line-height:50px;color:#ffffff;\" data-speed=\"3\" data-counter-value=\"18\" data-separator=\",\" data-decimal=\".\">0<\/div><div class=\"stats-text\" style=\"font-size:15px;line-height:15px;color:#c6d4ee;\">Years in Business<\/div><\/div><\/div>[\/vc_column][vc_column width=&#8221;1\/3&#8243; offset=&#8221;vc_col-md-offset-1 vc_col-md-2&#8243;]<div class=\"stats-block stats-top  mb-5 mb-md-0  vc_custom_1590472304475\"><div class=\"stats-desc\"><div id=\"counter_142220276969e0c6c8efbb5\" data-id=\"counter_142220276969e0c6c8efbb5\" class=\"stats-number\" style=\" font-size:50px;line-height:50px;color:#ffffff;\" data-speed=\"3\" data-counter-value=\"200\" data-separator=\",\" data-decimal=\".\">0<\/div><div class=\"counter_suffix mycust\" style=\" \">+<\/div><div class=\"stats-text\" style=\"font-size:15px;line-height:15px;color:#c6d4ee;\">Clients and Partners<\/div><\/div><\/div>[\/vc_column][vc_column width=&#8221;1\/3&#8243; offset=&#8221;vc_col-md-offset-1 vc_col-md-2&#8243;]<div class=\"stats-block stats-top  mb-0  vc_custom_1590472344118\"><div class=\"stats-desc\"><div class=\"counter_prefix mycust\" style=\" \">$<\/div><div id=\"counter_168738286469e0c6c8efe71\" data-id=\"counter_168738286469e0c6c8efe71\" class=\"stats-number\" style=\" font-size:50px;line-height:50px;color:#ffffff;\" data-speed=\"3\" data-counter-value=\"15\" data-separator=\",\" data-decimal=\".\">0<\/div><div class=\"stats-text\" style=\"font-size:15px;line-height:15px;color:#c6d4ee;\">Billion invested<\/div><\/div><\/div>[\/vc_column][\/vc_row][vc_row wrap_container=&#8221;yes&#8221; css=&#8221;.vc_custom_1528971763856{padding-top: 60px !important;padding-bottom: 60px !important;}&#8221; el_class=&#8221;background-color-tertiary&#8221;][vc_column][vc_custom_heading text=&#8221;\u00c7ka ofron Alfas?&#8221; font_container=&#8221;tag:h2|text_align:center&#8221; use_theme_fonts=&#8221;yes&#8221; text_transform=&#8221;text-uppercase&#8221; css=&#8221;.vc_custom_1617793597694{margin-bottom: 0px !important;}&#8221;][vc_column_text el_class=&#8221;text-color-dark m-b-lg&#8221;][\/vc_column_text][vc_row_inner][vc_column_inner width=&#8221;1\/3&#8243;]<div class=\"porto-sicon-box style_1 top-icon\"><div class=\"porto-sicon-top\"><div id=\"porto-icon-57179771469e0c6c8f1632\" class=\"porto-just-icon-wrapper\" style=\"text-align:center;\"><div class=\"porto-icon none\" style=\"color:#000000;font-size:45px;display:inline-block;\"><i class=\"fas fa-envelope-open-text\"><\/i><\/div><\/div><\/div><div class=\"porto-sicon-header\"><h3 class=\"porto-sicon-title\" style=\"font-weight:bold;font-size:15px;\">Auditimi dhe kontabiliteti<\/h3><\/div> <!-- header --><div class=\"porto-sicon-description\" style=\"\">Lorem ipsum dolor sit amet, consectetur adipisicing elit. Recusandae aliquam numquam, aspernatur expedita ipsa molestiae.<\/div> <!-- description --><\/div><!-- porto-sicon-box -->[\/vc_column_inner][vc_column_inner width=&#8221;1\/3&#8243;]<div class=\"porto-sicon-box style_1 top-icon\"><div class=\"porto-sicon-top\"><div id=\"porto-icon-77429381269e0c6c8f19af\" class=\"porto-just-icon-wrapper\" style=\"text-align:center;\"><div class=\"porto-icon none\" style=\"color:#000000;font-size:45px;display:inline-block;\"><i class=\"fas fa-briefcase\"><\/i><\/div><\/div><\/div><div class=\"porto-sicon-header\"><h3 class=\"porto-sicon-title\" style=\"font-weight:bold;font-size:15px;\">Tatimet<\/h3><\/div> <!-- header --><div class=\"porto-sicon-description\" style=\"\">Lorem ipsum dolor sit amet, consectetur adipisicing elit. Animi incidunt voluptatem, suscipit, dignissimos voluptas sint.<\/div> <!-- description --><\/div><!-- porto-sicon-box -->[\/vc_column_inner][vc_column_inner width=&#8221;1\/3&#8243;]<div class=\"porto-sicon-box style_1 top-icon\"><div class=\"porto-sicon-top\"><div id=\"porto-icon-210940982169e0c6c8f1ca1\" class=\"porto-just-icon-wrapper\" style=\"text-align:center;\"><div class=\"porto-icon none\" style=\"color:#000000;font-size:45px;display:inline-block;\"><i class=\"fas fa-marker\"><\/i><\/div><\/div><\/div><div class=\"porto-sicon-header\"><h3 class=\"porto-sicon-title\" style=\"font-weight:bold;font-size:15px;\">Vler\u00ebsimi i  biznesit dhe pron\u00ebs<\/h3><\/div> <!-- header --><div class=\"porto-sicon-description\" style=\"\">Lorem ipsum dolor sit amet, consectetur adipisicing elit. Adipisci, libero blanditiis voluptatum ratione at, necessitatibus!<\/div> <!-- description --><\/div><!-- porto-sicon-box -->[\/vc_column_inner][\/vc_row_inner][vc_row_inner][vc_column_inner width=&#8221;1\/3&#8243;]<div class=\"porto-sicon-box style_1 top-icon\"><div class=\"porto-sicon-top\"><div id=\"porto-icon-5902391669e0c6c8f1f90\" class=\"porto-just-icon-wrapper\" style=\"text-align:center;\"><div class=\"porto-icon none\" style=\"color:#000000;font-size:45px;display:inline-block;\"><i class=\"fas fa-recycle\"><\/i><\/div><\/div><\/div><div class=\"porto-sicon-header\"><h3 class=\"porto-sicon-title\" style=\"font-weight:bold;font-size:15px;\">Sh\u00ebrbime transferimi<\/h3><\/div> <!-- header --><div class=\"porto-sicon-description\" style=\"\">Lorem ipsum dolor sit amet, consectetur adipisicing elit. Recusandae aliquam numquam, aspernatur expedita ipsa molestiae.<\/div> <!-- description --><\/div><!-- porto-sicon-box -->[\/vc_column_inner][vc_column_inner width=&#8221;1\/3&#8243;]<div class=\"porto-sicon-box style_1 top-icon\"><div class=\"porto-sicon-top\"><div id=\"porto-icon-128908196669e0c6c8f226b\" class=\"porto-just-icon-wrapper\" style=\"text-align:center;\"><div class=\"porto-icon none\" style=\"color:#000000;font-size:45px;display:inline-block;\"><i class=\"fas fa-chart-line\"><\/i><\/div><\/div><\/div><div class=\"porto-sicon-header\"><h3 class=\"porto-sicon-title\" style=\"font-weight:bold;font-size:15px;\">K\u00ebshillimi i performanc\u00ebs<\/h3><\/div> <!-- header --><div class=\"porto-sicon-description\" style=\"\">Lorem ipsum dolor sit amet, consectetur adipisicing elit. Animi incidunt voluptatem, suscipit, dignissimos voluptas sint.<\/div> <!-- description --><\/div><!-- porto-sicon-box -->[\/vc_column_inner][vc_column_inner width=&#8221;1\/3&#8243;]<div class=\"porto-sicon-box style_1 top-icon\"><div class=\"porto-sicon-top\"><div id=\"porto-icon-165812723969e0c6c8f2515\" class=\"porto-just-icon-wrapper\" style=\"text-align:center;\"><div class=\"porto-icon none\" style=\"color:#000000;font-size:45px;display:inline-block;\"><i class=\"fas fa-gavel\"><\/i><\/div><\/div><\/div><div class=\"porto-sicon-header\"><h3 class=\"porto-sicon-title\" style=\"font-weight:bold;font-size:15px;\">Sh\u00ebrbime ligjore<\/h3><\/div> <!-- header --><div class=\"porto-sicon-description\" style=\"\">Lorem ipsum dolor sit amet, consectetur adipisicing elit. Adipisci, libero blanditiis voluptatum ratione at, necessitatibus!<\/div> <!-- description --><\/div><!-- porto-sicon-box -->[\/vc_column_inner][\/vc_row_inner][\/vc_column][\/vc_row][vc_row wrap_container=&#8221;yes&#8221;][vc_column offset=&#8221;vc_col-md-offset-1 vc_col-md-10&#8243;][\/vc_column][\/vc_row][vc_row equal_height=&#8221;yes&#8221; no_padding=&#8221;yes&#8221;][vc_column width=&#8221;1\/2&#8243; el_class=&#8221;background-color-primary&#8221; css=&#8221;.vc_custom_1528971916644{padding-top: 60px !important;padding-bottom: 55px !important;padding-left: 15px !important;}&#8221;]<div class=\"porto-container container  col-half-section col-half-section-right\">[vc_custom_heading text=&#8221;FORMI KONTAKTUES&#8221; font_container=&#8221;tag:h2|text_align:left|color:%23ffffff&#8221; use_theme_fonts=&#8221;yes&#8221; text_transform=&#8221;text-uppercase&#8221; css=&#8221;.vc_custom_1617730619241{margin-bottom: 0px !important;}&#8221;][vc_column_text el_class=&#8221;text-color-dark m-b-md&#8221;][\/vc_column_text]<div role=\"form\" class=\"wpcf7\" id=\"wpcf7-f281-o1\" lang=\"en-US\" dir=\"ltr\">\n<div class=\"screen-reader-response\"><p role=\"status\" aria-live=\"polite\" aria-atomic=\"true\"><\/p> <ul><\/ul><\/div>\n<form action=\"\/index.php\/wp-json\/wp\/v2\/pages\/58#wpcf7-f281-o1\" method=\"post\" class=\"wpcf7-form init\" novalidate=\"novalidate\" data-status=\"init\">\n<div style=\"display: none;\">\n<input type=\"hidden\" name=\"_wpcf7\" value=\"281\" \/>\n<input type=\"hidden\" name=\"_wpcf7_version\" value=\"5.4.1\" \/>\n<input type=\"hidden\" name=\"_wpcf7_locale\" value=\"en_US\" \/>\n<input type=\"hidden\" name=\"_wpcf7_unit_tag\" value=\"wpcf7-f281-o1\" \/>\n<input type=\"hidden\" name=\"_wpcf7_container_post\" value=\"0\" \/>\n<input type=\"hidden\" name=\"_wpcf7_posted_data_hash\" value=\"\" \/>\n<\/div>\n<div class=\"row\">\n<div class=\"col-lg-6\">\n\t\t<i class=\"Simple-Line-Icons-user text-color-light\"><\/i><span class=\"wpcf7-form-control-wrap your-name\"><input type=\"text\" name=\"your-name\" value=\"\" size=\"40\" class=\"wpcf7-form-control wpcf7-text wpcf7-validates-as-required custom-contact-input\" aria-required=\"true\" aria-invalid=\"false\" placeholder=\"Emri *\" \/><\/span>\n\t<\/div>\n<div class=\"col-lg-6\">\n\t\t<i class=\"Simple-Line-Icons-envelope text-color-light\"><\/i><span class=\"wpcf7-form-control-wrap your-email\"><input type=\"email\" name=\"your-email\" value=\"\" size=\"40\" class=\"wpcf7-form-control wpcf7-text wpcf7-email wpcf7-validates-as-required wpcf7-validates-as-email custom-contact-input\" aria-required=\"true\" aria-invalid=\"false\" placeholder=\"Email *\" \/><\/span>\n\t<\/div>\n<\/div>\n<div class=\"row\">\n<div class=\"col-lg-6\">\n\t\t<i class=\"Simple-Line-Icons-call-out icons text-color-light\"><\/i><span class=\"wpcf7-form-control-wrap your-phone\"><input type=\"text\" name=\"your-phone\" value=\"\" size=\"40\" class=\"wpcf7-form-control wpcf7-text custom-contact-input\" aria-invalid=\"false\" placeholder=\"Tel *\" \/><\/span>\n\t<\/div>\n<div class=\"col-lg-6 custom-select-style\">\n\t\t<i class=\"Simple-Line-Icons-target icons text-color-light\"><\/i><span class=\"wpcf7-form-control-wrap moption\"><select name=\"moption\" class=\"wpcf7-form-control wpcf7-select wpcf7-validates-as-required custom-contact-input\" aria-required=\"true\" aria-invalid=\"false\"><option value=\"Sh\u00ebrbimi\">Sh\u00ebrbimi<\/option><option value=\"Auditim\">Auditim<\/option><option value=\"Kontabilitet\">Kontabilitet<\/option><option value=\"Tjera\">Tjera<\/option><\/select><\/span>\n\t<\/div>\n<\/div>\n<div class=\"row\">\n<div class=\"col-lg-12\">\n\t\t<i class=\"Simple-Line-Icons-bubble icons text-color-light\"><\/i><span class=\"wpcf7-form-control-wrap txt-msg\"><textarea name=\"txt-msg\" cols=\"40\" rows=\"10\" class=\"wpcf7-form-control wpcf7-textarea wpcf7-validates-as-required custom-contact-input\" aria-required=\"true\" aria-invalid=\"false\" placeholder=\"Mesazhi *\"><\/textarea><\/span>\n\t<\/div>\n<\/div>\n<div class=\"row center\">\n<div id=\"cf7sr-69e0c6c9025b7\" class=\"cf7sr-g-recaptcha\" data-sitekey=\"6LfOyv0gAAAAANGqBq3DzKOfatZjrg5bVOKVuHAG\"><\/div><span class=\"wpcf7-form-control-wrap cf7sr-recaptcha\" data-name=\"cf7sr-recaptcha\"><input type=\"hidden\" name=\"cf7sr-recaptcha\" value=\"\" class=\"wpcf7-form-control\"><\/span><\/p>\n<div class=\"col-lg-12\"><input type=\"submit\" value=\"D\u00ebrgo\" class=\"wpcf7-form-control wpcf7-submit custom-btn-style-4\" \/><\/div>\n<\/div>\n<style>\n.wpcf7-form > .row > *{ margin-bottom: 25px; }\n.wpcf7-form i{ position: absolute; top: 10px; }\n.wpcf7-form-control.custom-contact-input {\n    width: 100%;\n    background: none;\n    border: 0px;\n    border-bottom: 1px solid rgba(255, 255, 255, 0.2);\n    box-shadow: none;\n    padding: 10px 10px 10px 30px;\n    color: #fff;\n    -webkit-appearance: none;\n    -moz-appearance: none;\n    -ms-appearance: none;\n    -o-appearance: none;\n    appearance: none;\n}\n.custom-select-style:after {\n    content: '';\n    display: block;\n    position: absolute;\n    top: 50%;\n    right: 25px;\n    width: 10px;\n    height: 10px;\n    border-right: 1px solid #c8d4ea;\n    border-bottom: 1px solid #c8d4ea;\n    z-index: 0;\n    -webkit-transform: translateY(-50%) rotate(45deg);\n    -moz-transform: translateY(-50%) rotate(45deg);\n    -ms-transform: translateY(-50%) rotate(45deg);\n    -o-transform: translateY(-50%) rotate(45deg);\n    transform: translateY(-50%) rotate(45deg);\n}\nselect.custom-contact-input option { color: #818898; }\n.wpcf7-submit.custom-btn-style-4 {\n    background: transparent !important;\n    color: #FFF;\n    font-weight: 900 !important;\n    border: 2px solid #fff !important;\n    padding: 10px 20px !important;\n    font-size: 14px;\n    border-radius: 0px !important;\n}\n.wpcf7-submit.custom-btn-style-4:hover {\n    background: #FFF !important;\n    color: #6a80a9 !important;\n}\n::-webkit-input-placeholder { color: #c8d4ea; }\n::-moz-placeholder { color: #c8d4ea; }\n:-ms-input-placeholder { color: #c8d4ea; }\n:-moz-placeholder{ color: #c8d4ea; }\n@media(max-width: 991px){\n\t.wpcf7-form > .row > *{ margin-bottom: 15px; }\n\t.wpcf7-form .row.center{ margin-top: 10px; }\n}\n<\/style>\n<div class=\"wpcf7-response-output\" aria-hidden=\"true\"><\/div><\/form><\/div><\/div>[\/vc_column][vc_column width=&#8221;1\/2&#8243; el_class=&#8221;background-color-secondary custom-background-image-1&#8243; css=&#8221;.vc_custom_1528971925287{padding-top: 60px !important;padding-bottom: 55px !important;padding-left: 15px !important;}&#8221;]<div class=\"porto-container container  col-half-section col-half-section-left\">[vc_custom_heading text=&#8221;Keni nevoj\u00eb p\u00ebr ndihm\u00eb ?&#8221; font_container=&#8221;tag:h2|text_align:left|color:%23ffffff&#8221; use_theme_fonts=&#8221;yes&#8221; text_transform=&#8221;text-uppercase&#8221; css=&#8221;.vc_custom_1617724466678{margin-bottom: 0px !important;}&#8221;][vc_column_text el_class=&#8221;text-color-dark m-b-lg&#8221;]<span style=\"font-size: 16px; color: #c6d4ee;\">Talk to a Specialist<\/span>[\/vc_column_text][vc_column_text el_class=&#8221;m-b-lg custom-padding-right-1&#8243;]<span style=\"color: #c6d4ee;\">Lorem ipsum dolor sit amet, consectetur adipisicing elit. Deleniti eligendi nulla impedit delectus earum, aut aperiam, quam aliquid provident dignissimos nesc? Doloremque, quae, officiis!<\/span>[\/vc_column_text]<a class=\"porto-sicon-box-link\" href=\"tel:+18001234567\" title='tel:+18001234567'><div class=\"porto-sicon-box custom-opacity-effect-1 style_1 default-icon flex-wrap\"><div class=\"porto-sicon-header\"><h3 class=\"porto-sicon-title\" style=\"font-size:11px;color:#ffffff;\">Kontakto tani<\/h3><\/div> <!-- header --><div class=\"porto-sicon-description\" style=\"font-size:21px;color:#c6d4ee;\">+383 (0) 44 564 404<\/div> <!-- description --><\/div><!-- porto-sicon-box --><\/a><a class=\"porto-sicon-box-link\" href=\"mailto:you@domain.com\" title='mailto:you@domain.com'><div class=\"porto-sicon-box custom-opacity-effect-1 style_1 default-icon flex-wrap\"><div class=\"porto-sicon-header\"><h3 class=\"porto-sicon-title\" style=\"font-size:11px;color:#ffffff;\">D\u00ebrgo mail<\/h3><\/div> <!-- header --><div class=\"porto-sicon-description\" style=\"font-size:21px;color:#c6d4ee;\">info@alfas-ks.com<\/div> <!-- description --><\/div><!-- porto-sicon-box --><\/a><\/div>[\/vc_column][\/vc_row]<\/p>\n","protected":false},"excerpt":{"rendered":"<p>[vc_row content_placement=&#8221;middle&#8221; wrap_container=&#8221;yes&#8221; css=&#8221;.vc_custom_1545723802342{padding-top: 20px !important;padding-bottom: 20px !important;background-color: #25272c !important;}&#8221; el_class=&#8221;home-intro&#8221;][vc_column offset=&#8221;vc_col-lg-8 vc_col-md-8&#8243;][vc_column_text css=&#8221;.vc_custom_1489217666219{margin-bottom: 0px !important;}&#8221;] The fastest way to grow your business with the leader in investments. Learn more about our strategy [\/vc_column_text][\/vc_column][\/vc_row][vc_row equal_height=&#8221;yes&#8221; content_placement=&#8221;middle&#8221; parallax=&#8221;content-moving&#8221; parallax_speed_bg=&#8221;&#8221; el_class=&#8221;p-0&#8243;][vc_column parallax=&#8221;content-moving&#8221; parallax_image=&#8221;638&#8243; parallax_speed_bg=&#8221;2&#8243; offset=&#8221;vc_col-lg-6 vc_col-md-6&#8243; el_class=&#8221;custom-parallax-height&#8221;][\/vc_column][vc_column css=&#8221;.vc_custom_1558985143994{padding-top: 50px !important;padding-bottom: 40px !important;background-color: #f4f4f4 !important;}&#8221; offset=&#8221;vc_col-lg-6 vc_col-md-6&#8243;][\/vc_column][\/vc_row][vc_row equal_height=&#8221;yes&#8221; [&hellip;]<\/p>\n","protected":false},"author":1,"featured_media":0,"parent":0,"menu_order":0,"comment_status":"closed","ping_status":"closed","template":"","meta":{"footnotes":""},"class_list":["post-58","page","type-page","status-publish","hentry"],"_links":{"self":[{"href":"https:\/\/alfas-ks.com\/index.php\/wp-json\/wp\/v2\/pages\/58","targetHints":{"allow":["GET"]}}],"collection":[{"href":"https:\/\/alfas-ks.com\/index.php\/wp-json\/wp\/v2\/pages"}],"about":[{"href":"https:\/\/alfas-ks.com\/index.php\/wp-json\/wp\/v2\/types\/page"}],"author":[{"embeddable":true,"href":"https:\/\/alfas-ks.com\/index.php\/wp-json\/wp\/v2\/users\/1"}],"replies":[{"embeddable":true,"href":"https:\/\/alfas-ks.com\/index.php\/wp-json\/wp\/v2\/comments?post=58"}],"version-history":[{"count":16,"href":"https:\/\/alfas-ks.com\/index.php\/wp-json\/wp\/v2\/pages\/58\/revisions"}],"predecessor-version":[{"id":754,"href":"https:\/\/alfas-ks.com\/index.php\/wp-json\/wp\/v2\/pages\/58\/revisions\/754"}],"wp:attachment":[{"href":"https:\/\/alfas-ks.com\/index.php\/wp-json\/wp\/v2\/media?parent=58"}],"curies":[{"name":"wp","href":"https:\/\/api.w.org\/{rel}","templated":true}]}}