{"id":676,"date":"2021-04-06T16:16:49","date_gmt":"2021-04-06T16:16:49","guid":{"rendered":"https:\/\/alfas-ks.com\/?page_id=676"},"modified":"2021-04-06T16:43:22","modified_gmt":"2021-04-06T16:43:22","slug":"sherbime-ligjore","status":"publish","type":"page","link":"https:\/\/alfas-ks.com\/index.php\/sherbime-ligjore\/","title":{"rendered":"Sh\u00ebrbime Ligjore"},"content":{"rendered":"<p>[vc_row full_width=&#8221;stretch_row&#8221; parallax=&#8221;content-moving&#8221; parallax_image=&#8221;54&#8243; css=&#8221;.vc_custom_1489225026310{padding-top: 128px !important;padding-bottom: 128px !important;}&#8221;][vc_column][vc_custom_heading text=&#8221;Sh\u00ebrbime Ligjore&#8221; font_container=&#8221;tag:h1|text_align:center&#8221; use_theme_fonts=&#8221;yes&#8221; css=&#8221;.vc_custom_1617725864116{margin-bottom: 0px !important;}&#8221;][\/vc_column][\/vc_row][vc_row css=&#8221;.vc_custom_1488777218947{padding-top: 25px !important;padding-bottom: 60px !important;}&#8221;][vc_column][vc_column_text css=&#8221;.vc_custom_1617727398011{margin-top: 30px !important;}&#8221;]<strong>Juridika<\/strong><\/p>\n<p>Ne ofrojm\u00eb sh\u00ebrbime juridike p\u00ebr nd\u00ebrmarrjet tregtare vendase dhe nd\u00ebrkomb\u00ebtare nga nj\u00eb gam\u00eb e gjer\u00eb e industrive. N\u00eb bashk\u00ebpunim me ekspertet e fush\u00ebs p\u00ebr kontabilitetin tatimor dhe legjislativ\u00eb p\u00ebr shoq\u00ebrit\u00eb tregtare.<br \/>\nPoashtu ofrojm\u00eb k\u00ebshilla juridike n\u00eb nj\u00eb m\u00ebnyr\u00eb t\u00eb qart\u00eb dhe t\u00eb koordinuar.[\/vc_column_text][\/vc_column][\/vc_row]<\/p>\n","protected":false},"excerpt":{"rendered":"<p>[vc_row full_width=&#8221;stretch_row&#8221; parallax=&#8221;content-moving&#8221; parallax_image=&#8221;54&#8243; css=&#8221;.vc_custom_1489225026310{padding-top: 128px !important;padding-bottom: 128px !important;}&#8221;][vc_column][vc_custom_heading text=&#8221;Sh\u00ebrbime Ligjore&#8221; font_container=&#8221;tag:h1|text_align:center&#8221; use_theme_fonts=&#8221;yes&#8221; css=&#8221;.vc_custom_1617725864116{margin-bottom: 0px !important;}&#8221;][\/vc_column][\/vc_row][vc_row css=&#8221;.vc_custom_1488777218947{padding-top: 25px !important;padding-bottom: 60px !important;}&#8221;][vc_column][vc_column_text css=&#8221;.vc_custom_1617727398011{margin-top: 30px !important;}&#8221;]Juridika Ne ofrojm\u00eb sh\u00ebrbime juridike p\u00ebr nd\u00ebrmarrjet tregtare vendase dhe nd\u00ebrkomb\u00ebtare nga nj\u00eb gam\u00eb e gjer\u00eb e industrive. N\u00eb bashk\u00ebpunim me ekspertet e fush\u00ebs p\u00ebr kontabilitetin tatimor dhe legjislativ\u00eb p\u00ebr shoq\u00ebrit\u00eb tregtare. [&hellip;]<\/p>\n","protected":false},"author":1,"featured_media":0,"parent":0,"menu_order":0,"comment_status":"closed","ping_status":"closed","template":"","meta":{"footnotes":""},"class_list":["post-676","page","type-page","status-publish","hentry"],"_links":{"self":[{"href":"https:\/\/alfas-ks.com\/index.php\/wp-json\/wp\/v2\/pages\/676","targetHints":{"allow":["GET"]}}],"collection":[{"href":"https:\/\/alfas-ks.com\/index.php\/wp-json\/wp\/v2\/pages"}],"about":[{"href":"https:\/\/alfas-ks.com\/index.php\/wp-json\/wp\/v2\/types\/page"}],"author":[{"embeddable":true,"href":"https:\/\/alfas-ks.com\/index.php\/wp-json\/wp\/v2\/users\/1"}],"replies":[{"embeddable":true,"href":"https:\/\/alfas-ks.com\/index.php\/wp-json\/wp\/v2\/comments?post=676"}],"version-history":[{"count":3,"href":"https:\/\/alfas-ks.com\/index.php\/wp-json\/wp\/v2\/pages\/676\/revisions"}],"predecessor-version":[{"id":711,"href":"https:\/\/alfas-ks.com\/index.php\/wp-json\/wp\/v2\/pages\/676\/revisions\/711"}],"wp:attachment":[{"href":"https:\/\/alfas-ks.com\/index.php\/wp-json\/wp\/v2\/media?parent=676"}],"curies":[{"name":"wp","href":"https:\/\/api.w.org\/{rel}","templated":true}]}}